{"id":764,"date":"2020-09-01T13:23:35","date_gmt":"2020-09-01T13:23:35","guid":{"rendered":"https:\/\/luxy.qubino.com\/?page_id=764"},"modified":"2020-09-02T08:28:19","modified_gmt":"2020-09-02T08:28:19","slug":"pogoji-poslovanja","status":"publish","type":"page","link":"https:\/\/luxy.qubino.com\/sl\/pogoji-poslovanja\/","title":{"rendered":"Splo\u0161ni pogoji poslovanja"},"content":{"rendered":"\n<p>S spletno prodajalno Luxy Qubino, upravlja podjetje GOAP Ra\u010dunalni\u0161ki in\u017eeniring in avtomatizacija procesov d.o.o. Nova Gorica, Ulica Klementa Juga 7, 5250 Solkan, mati\u010dna \u0161tevilka: 5414083000, dav\u010dna \u0161tevilka: SI 62582950, v nadaljevanju ponudnik.<\/p>\n\n\n\n<p>Splo\u0161ni pogoji poslovanja spletne trgovine so sestavljeni v skladu z Zakonom o varstvu potro\u0161nikov (ZVPot), s priporo\u010dili GZS in mednarodnimi kodeksi za e-poslovanje. Svetujemo vam, da pred uporabo strani spletne trgovine pazljivo preberete spodaj navedene Pogoje poslovanja. Z uporabo spletne strani izrazite svoje strinjanje z navedenimi pogoji. \u010ce se s pogoji ne strinjate, vas prosimo, da ne uporabljate spletne trgovine.<\/p>\n\n\n\n<p>Ob izvr\u0161enem nakupu oziroma pravilno izpolnjenem obrazcu za naro\u010danje blaga, vsak obiskovalec spletne trgovine postane hkrati tudi uporabnik oziroma kupec.<\/p>\n\n\n\n<p>Splo\u0161ni pogoji poslovanja obravnavajo delovanje spletne trgovine, pravice uporabnika ter poslovni odnos med ponudnikom in kupcem.<\/p>\n\n\n\n<p><strong>Dostopnost informacij (povzetek zakonodaje)<\/strong><\/p>\n\n\n\n<p>Ponudnik se zavezuje, da bo kupcu vselej zagotovil naslednje informacije:<\/p>\n\n\n\n<p>&nbsp; a) identiteto podjetja (ime in sede\u017e podjetja, \u0161tevilka registra)<\/p>\n\n\n\n<p>&nbsp; b) kontaktne naslove, ki omogo\u010dajo hitro in u\u010dinkovito komunikacijo (e-po\u0161ta, telefon)<\/p>\n\n\n\n<p>&nbsp; c) bistvene zna\u010dilnosti blaga oziroma storitev (vklju\u010dno s poprodajnimi storitvami in garancijami)<\/p>\n\n\n\n<p>&nbsp; d) dostopnost izdelkov (vsak izdelek ali storitev, ki je v ponudbi na spletni strani naj bi bil dostopen v razumljivem roku)<\/p>\n\n\n\n<p>&nbsp; e) pogoje dostave izdelka ali izvr\u0161itve storitve (na\u010din, kraj in rok dostave)<\/p>\n\n\n\n<p>&nbsp; f) vse cene morajo biti jasno in nedvoumno dolo\u010dene in razvidno mora biti prikazano ali \u017ee vsebujejo davke in stro\u0161ke prevoza<\/p>\n\n\n\n<p>&nbsp; g) na\u010din pla\u010dila in dostave<\/p>\n\n\n\n<p>&nbsp; h) \u010dasovno veljavnost ponudbe<\/p>\n\n\n\n<p>&nbsp; i) rok, v katerem je \u0161e mo\u017eno odstopiti od pogodbe in pogojih za odstop; poleg tega tudi o tem, \u010de in koliko stane kupca vra\u010dilo izdelka<\/p>\n\n\n\n<p>&nbsp; j) pojasnjen mora biti postopek ob prito\u017ebi, vklju\u010dno z vsemi podatki o kontaktni osebi ali slu\u017ebi za stike s kupci&nbsp;<\/p>\n\n\n\n<p><strong>Ponudba artiklov in cene<\/strong><\/p>\n\n\n\n<p>Zaradi narave poslovanja prek spleta se ponudba in cene v spletni trgovini Luxy Qubino lahko a\u017eurirajo in spreminjajo. Vse cene v spletni trgovini so navedene v EUR in vklju\u010dujejo davek na dodano vrednost (DDV). Cene veljajo v trenutku oddaje naro\u010dila in nimajo v naprej dolo\u010dene veljavnosti.&nbsp; V primeru, da se cena artikla tekom obdelave naro\u010dila spremeni, bo ponudnik kupca o tem obvestil. Ponudnik bo po svojih najbolj\u0161ih mo\u010deh sku\u0161al v vsakem primeru kupcu zagotoviti ni\u017ejo ceno oz. ponuditi ustrezno re\u0161itev, ki bo \u0161la v obojestransko zadovoljstvo.<\/p>\n\n\n\n<p><strong>Na\u010dini pla\u010dila:<\/strong><\/p>\n\n\n\n<p>&#8211; s kreditnimi karticami: Visa, Mastercard in American Express<\/p>\n\n\n\n<p>Ponudnik po dostavi in pla\u010dilu naro\u010denih artiklov kupcu po\u0161lje tudi ra\u010dun in sicer v pdf formatu na e-naslov kupca. Na ra\u010dunu sta raz\u010dlenjena cena in vsi stro\u0161ki v zvezi z nakupom. Kupec je dol\u017ean preveriti pravilnost podatkov pred oddajo naro\u010dila.<\/p>\n\n\n\n<p>Kupoprodajna pogodba (naro\u010dilo) je v elektronski obliki shranjena na stre\u017eniku ponudnika. En izvod te pogodbe se po\u0161lje kupcu preko elektronske po\u0161te, po izvedenem uspe\u0161nem naro\u010dilu.<\/p>\n\n\n\n<p><strong>Postopek nakupa<\/strong><\/p>\n\n\n\n<ol type=\"1\"><li>Izbran izdelek dodajte v ko\u0161arico, nato pa le sledite preprostemu nakupu. \u010ce kupujete prvi\u010d in se sre\u010date s te\u017eavo nas pokli\u010dite na telefonsko \u0161tevilko 05 335 95 14 \u2013 z veseljem vam prisko\u010dimo na pomo\u010d.<\/li><li>Naro\u010dilo in oddaja naro\u010dila: Po oddaji naro\u010dila, kupec prejme potrditev naro\u010dila po elektronski po\u0161ti.<\/li><li>Blago odposlano: Ponudnik v obljubljenem roku blago zapakira ter odpo\u0161lje.<\/li><\/ol>\n\n\n\n<p><strong>Pravica do odstopa od nakupa, vra\u010dilo blaga<\/strong><\/p>\n\n\n\n<p>Kupcu pripada pravica, da v \u0161tirinajstih (14) dneh vrne kupljeno blago brez kakr\u0161nekoli od\u0161kodnine. Stro\u0161ke, ki nastanejo pri vrnitvi predmeta nakupa, krije ponudnik. O nameravanem vra\u010dilu mora kupec pisno obvestiti ponudnika, najkasneje v 8-ih dneh od prejetja blaga, in sicer na kontaktni e-mail, blago pa vrniti v nadaljnjih 6-ih dneh. Izdelki morajo biti nerabljeni, nepo\u0161kodovani in v originalni embala\u017ei. Prilo\u017eena mora biti kopija ra\u010duna in vsa dokumentacija, ki izdelku pripada. Ponudnik vrne celotno kupnino najkasneje v roku 15 dni od prejetja vrnjenega blaga. Ponudnik ni dol\u017ean sprejeti po\u0161iljk, ki ne ustrezajo ponudnikovim splo\u0161nim pogojem poslovanja.<\/p>\n\n\n\n<p><strong>Garancija<\/strong><\/p>\n\n\n\n<p>Artikli imajo garancijo 2 leti. Garancija je veljavna ob upo\u0161tevanju vseh navodil za namestitev ter ob predlo\u017eitvi ra\u010duna.<\/p>\n\n\n\n<p><strong>Dostava<\/strong><\/p>\n\n\n\n<p>Ponudnik mora blago oziroma storitev dostaviti v obljubljenem \u010dasu.<\/p>\n\n\n\n<p><strong>Varnost in pravica do zasebnosti<\/strong><\/p>\n\n\n\n<p>Skrbno varujemo va\u0161e podatke pred izgubo, zlorabo, nepoobla\u0161\u010denim dostopom ali razkrivanjem, spreminjanjem ali uni\u010denjem. Podatki so shranjeni v stre\u017enikih, za\u0161\u010ditenih z geslom in z omejenim dostopom. Spletna trgovina dobro skrbi za varnost va\u0161ih osebnih podatkov in spo\u0161tuje va\u0161e izbire za njihovo nameravano rabo. Uporabnikovi podatki v nobenem primeru ne bodo predani tretji osebi. Izbiro \u010dlanstva v na\u0161i e-po\u0161tni listi omogo\u010damo v obrazcu za naro\u010danje blaga v spletni ko\u0161arici.<\/p>\n\n\n\n<p><strong>Komunikacija<\/strong><\/p>\n\n\n\n<p>Z uporabnikom sme ponudnik stopiti v stik preko sredstev komunikacij na daljavo le, \u010de temu uporabnik izrecno ne nasprotuje.<\/p>\n\n\n\n<p>Reklamna elektronska sporo\u010dila morajo vsebovati naslednje sestavine:<\/p>\n\n\n\n<ul><li>jasno in nedvoumno morajo biti ozna\u010dena kot reklamna sporo\u010dila<\/li><li>po\u0161iljatelj mora biti jasno razviden<\/li><li>razli\u010dne akcije, promocije in druge tr\u017ene tehnike, morajo biti ozna\u010dene kot tak\u0161ne. Prav tako morajo biti jasno dolo\u010deni pogoji udele\u017ebe v njih.<\/li><li>\u017eeljo uporabnika, da ne prejemajo reklamnih sporo\u010dil, bo ponudnik izrecno spo\u0161toval<\/li><\/ul>\n\n\n\n<p><strong>Omejitev odgovornosti<\/strong><\/p>\n\n\n\n<p>Ponudnik se po svojih najbolj\u0161ih mo\u017enostih trudi zagotoviti a\u017eurnost in pravilnost podatkov, ki so objavljeni na njegovih straneh. Kljub temu, pa se lahko lastnosti artiklov, njihova dobavljivost in cena spremenijo tako hitro, da ponudnik ne uspe popraviti podatkov na spletnih straneh. V takem primeru, bo ponudnik kupca obvestil o spremembah in mu omogo\u010dil preklic naro\u010dila ali zamenjavo naro\u010denega artikla. Vse fotografije izdelkov so simboli\u010dne in ne zagotavljajo lastnosti izdelka.<\/p>\n\n\n\n<p><strong>Varstvo osebnih podatkov<\/strong><\/p>\n\n\n\n<p>Ponudnik se zavezuje, da naro\u010dnikove podatke skrbno varuje pred izgubo, zlorabo, nepoobla\u0161\u010denim dostopom ali razkrivanjem, spreminjanjem ali uni\u010denjem. Podatki so shranjeni v stre\u017enikih, za\u0161\u010ditenih z geslom in z omejenim dostopom. Naro\u010dnikovi podatki v nobenem primeru ne bodo predani tretji osebi. Izbiro \u010dlanstva v ponudnikovi e-po\u0161tni listi je izbirno v obrazcu za naro\u010danje blaga v spletni ko\u0161arici.<\/p>\n\n\n\n<p>Z nakupom v spletni prodajalni Luxy Qubino, naro\u010dnik dovoljuje, da sme GOAP d.o.o., kot upravljavec zbirke osebnih podatkov posredovane osebne podatke uporabiti in obdelovati v skladu z dolo\u010dili Zakona o varstvu osebnih podatkov ter z namenom, ki je dolo\u010den v nadaljevanju.<\/p>\n\n\n\n<p>Upravljavec obdeluje osebne podatke uporabnika, ki jih je le-ta vnesel v registrski obrazec: ime, priimek, naslov, po\u0161tno \u0161tevilko, kraj, telefon ali GSM &#8211; neobvezno, elektronski naslov.<\/p>\n\n\n\n<p>Prav tako pa se zbirajo tudi naslednji podatki: podatki o nakupih in obra\u010dunanih ugodnostih: datum nakupa, vrsta nakupa, vsebina nakupa, vrednost nakupa, na\u010din pla\u010dila.<\/p>\n\n\n\n<p>Ponudnik bo osebne podatke uporabil za potrebe izpolnitve naro\u010dila (izvajanje transakcije, izstavitev ra\u010duna, dostava izdelka, vse v zvezi z naro\u010dilom) in ostalo z naro\u010dilom povezano in potrebno komunikacijo.<\/p>\n\n\n\n<p>Uporabnik lahko kadarkoli pisno ali na drug dogovorjen na\u010din (npr. preko elektronske po\u0161te) zahteva, da upravljavec osebnih podatkov trajno ali za\u010dasno preneha uporabljati njegove osebne podatke, za namen neposrednega tr\u017eenja. Upravljavec bo v 15 (petnajstih) dneh ustrezno prepre\u010dil uporabo osebnih podatkov za namen neposrednega tr\u017eenja ter o tem v nadaljnjih 5 (petih) dneh pisno ali na drug dogovorjen na\u010din (npr. prek elektronske po\u0161te) obvestil uporabnika, ki je to zahteval.<\/p>\n\n\n\n<p>Posredovani osebni podatki se bodo shranjevali in uporabljali le toliko \u010dasa, dokler bo to potrebno za dosego namena, zaradi katerega so se zbirali oziroma obdelovali.<\/p>\n\n\n\n<p>Uporabnik s sprejetjem teh splo\u0161nih pogojev poslovanja tudi potrjuje, da je seznanjen s pravico do vpogleda, prepisa, kopiranja, dopolnitve, popravka, blokiranja in izbrisa osebnih podatkov, ki se nana\u0161ajo nanj, v skladu z dolo\u010dbami vsakokratno veljavnega zakona, ki ureja varstvo osebnih podatkov.<\/p>\n\n\n\n<p>V primeru morebitnih vpra\u0161anj v zvezi z varstvom osebnih podatkov, lahko uporabnik slednja posreduje na naslov GOAP d.o.o., Ulica Klementa Juga 7, 5250 Solkan ali preko elektronske po\u0161te na e-naslov <a href=\"mailto:marketing@qubino.com\">marketing@qubino.com<\/a>.<\/p>\n\n\n\n<p><strong>Prito\u017ebe in spori<\/strong><\/p>\n\n\n\n<ul><li>Ponudnik spo\u0161tuje veljavno zakonodajo o varstvu potro\u0161nikov.<\/li><li>Ponudnik je dol\u017ean vzpostaviti u\u010dinkovit sistem obravnavanja prito\u017eb in dolo\u010diti osebo, s katero se, v primeru te\u017eav, kupec lahko pove\u017ee telefonsko na tel \u0161t. 05 335 95 14 ali po elektronski po\u0161ti na marketing@qubino.com. Kupec lahko odda prito\u017ebo po elektronski po\u0161ti.<\/li><li>Ponudnik mora v petih delovnih dneh potrditi, da je prejel prito\u017ebo, sporo\u010diti kupcu, kako dolgo jo bo obravnaval in ga vseskozi obve\u0161\u010dati o poteku postopka.<\/li><li>Ponudnik se zaveda, da je bistvena zna\u010dilnost potro\u0161ni\u0161kega spora, vsaj kar zadeva sodno re\u0161evanje, njegova nesorazmernost med ekonomsko vrednostjo zahtevka in stro\u0161ki, ki nastanejo pri re\u0161evanju samega spora. To je tudi glavna ovira, da potro\u0161nik ne spro\u017ei spora pred sodi\u0161\u010dem. Zato se ponudnik prizadeva po svojih najbolj\u0161ih mo\u010deh, da se morebitni spori re\u0161ijo sporazumno.<\/li><\/ul>\n\n\n\n<p><strong>Izvensodno re\u0161evanje potro\u0161ni\u0161kih sporov<\/strong><\/p>\n\n\n\n<p>Skladno z zakonskimi normativi GOAP d.o.o. ne priznava nikakr\u0161nega izvajalca izvensodnega re\u0161evanja potro\u0161ni\u0161kih sporov kot pristojnega za re\u0161evanje potro\u0161ni\u0161kega spora, ki bi ga potro\u0161nik lahko spro\u017eil v skladu z Zakonom o izvensodnem re\u0161evanju potro\u0161ni\u0161kih sporov.<\/p>\n\n\n\n<p>GOAP d.o.o., ki kot ponudnik blaga in storitev omogo\u010da spletno trgovino na obmo\u010dju RS, na svoji spletni strani objavlja elektronsko povezavo na platformo za spletno re\u0161evanje potro\u0161ni\u0161kih sporov (SRPS). Platforma je na voljo potro\u0161nikom tukaj.<\/p>\n\n\n\n<p><a href=\"https:\/\/webgate.ec.europa.eu\/odr\/main\/index.cfm?event=main.home.show&amp;lng=SL\">https:\/\/webgate.ec.europa.eu\/odr\/main\/index.cfm?event=main.home.show&amp;lng=SL<\/a><\/p>\n\n\n\n<p>Navedena ureditev izhaja iz Zakona o izvensodnem re\u0161evanju potro\u0161ni\u0161kih sporov, Uredbe (EU) \u0161t. 524\/2013 Evropskega parlamenta in Sveta o spletnem re\u0161evanju potro\u0161ni\u0161kih sporov ter spremembi Uredbe (ES) \u0161t. 2016\/2004 in Direktive 2009\/22\/ES.<\/p>\n\n\n\n<p><strong>Pravno obvestilo<\/strong> Spletna trgovina Luxy Qubino in vsi podatki na njej, slike artiklov, grafi\u010dni in video elementi na spletni strani so za\u0161\u010diteni in jih ni dovoljeno reproducirati ali uporabljati brez predhodnega pisnega dovoljenja.<\/p>\n","protected":false},"excerpt":{"rendered":"<p>S spletno prodajalno Luxy Qubino, upravlja podjetje GOAP Ra\u010dunalni\u0161ki in\u017eeniring in avtomatizacija procesov d.o.o. Nova Gorica, Ulica Klementa Juga 7, 5250 Solkan, mati\u010dna \u0161tevilka: 5414083000, dav\u010dna \u0161tevilka: SI 62582950, v nadaljevanju ponudnik. Splo\u0161ni pogoji poslovanja spletne trgovine so sestavljeni v skladu z Zakonom o varstvu potro\u0161nikov (ZVPot), s priporo\u010dili GZS in mednarodnimi kodeksi za e-poslovanje. [&hellip;]<\/p>\n","protected":false},"author":1,"featured_media":0,"parent":0,"menu_order":0,"comment_status":"closed","ping_status":"closed","template":"","meta":[],"acf":[],"yoast_head":"<!-- This site is optimized with the Yoast SEO plugin v19.14 - https:\/\/yoast.com\/wordpress\/plugins\/seo\/ -->\n<title>Splo\u0161ni pogoji poslovanja - Luxy Smart Switch<\/title>\n<meta name=\"robots\" content=\"index, follow, max-snippet:-1, max-image-preview:large, max-video-preview:-1\" \/>\n<link rel=\"canonical\" href=\"https:\/\/luxy.qubino.com\/sl\/pogoji-poslovanja\/\" \/>\n<meta property=\"og:locale\" content=\"sl_SI\" \/>\n<meta property=\"og:type\" content=\"article\" \/>\n<meta property=\"og:title\" content=\"Splo\u0161ni pogoji poslovanja - Luxy Smart Switch\" \/>\n<meta property=\"og:description\" content=\"S spletno prodajalno Luxy Qubino, upravlja podjetje GOAP Ra\u010dunalni\u0161ki in\u017eeniring in avtomatizacija procesov d.o.o. Nova Gorica, Ulica Klementa Juga 7, 5250 Solkan, mati\u010dna \u0161tevilka: 5414083000, dav\u010dna \u0161tevilka: SI 62582950, v nadaljevanju ponudnik. Splo\u0161ni pogoji poslovanja spletne trgovine so sestavljeni v skladu z Zakonom o varstvu potro\u0161nikov (ZVPot), s priporo\u010dili GZS in mednarodnimi kodeksi za e-poslovanje. [&hellip;]\" \/>\n<meta property=\"og:url\" content=\"https:\/\/luxy.qubino.com\/sl\/pogoji-poslovanja\/\" \/>\n<meta property=\"og:site_name\" content=\"Luxy Smart Switch\" \/>\n<meta property=\"article:modified_time\" content=\"2020-09-02T08:28:19+00:00\" \/>\n<meta name=\"twitter:card\" content=\"summary_large_image\" \/>\n<meta name=\"twitter:label1\" content=\"Est. reading time\" \/>\n\t<meta name=\"twitter:data1\" content=\"8 minut\" \/>\n<script type=\"application\/ld+json\" class=\"yoast-schema-graph\">{\"@context\":\"https:\/\/schema.org\",\"@graph\":[{\"@type\":\"WebPage\",\"@id\":\"https:\/\/luxy.qubino.com\/sl\/pogoji-poslovanja\/\",\"url\":\"https:\/\/luxy.qubino.com\/sl\/pogoji-poslovanja\/\",\"name\":\"Splo\u0161ni pogoji poslovanja - Luxy Smart Switch\",\"isPartOf\":{\"@id\":\"https:\/\/luxy.qubino.com\/sl\/#website\"},\"datePublished\":\"2020-09-01T13:23:35+00:00\",\"dateModified\":\"2020-09-02T08:28:19+00:00\",\"breadcrumb\":{\"@id\":\"https:\/\/luxy.qubino.com\/sl\/pogoji-poslovanja\/#breadcrumb\"},\"inLanguage\":\"sl-SI\",\"potentialAction\":[{\"@type\":\"ReadAction\",\"target\":[\"https:\/\/luxy.qubino.com\/sl\/pogoji-poslovanja\/\"]}]},{\"@type\":\"BreadcrumbList\",\"@id\":\"https:\/\/luxy.qubino.com\/sl\/pogoji-poslovanja\/#breadcrumb\",\"itemListElement\":[{\"@type\":\"ListItem\",\"position\":1,\"name\":\"Home\",\"item\":\"https:\/\/luxy.qubino.com\/sl\/\"},{\"@type\":\"ListItem\",\"position\":2,\"name\":\"Splo\u0161ni pogoji poslovanja\"}]},{\"@type\":\"WebSite\",\"@id\":\"https:\/\/luxy.qubino.com\/sl\/#website\",\"url\":\"https:\/\/luxy.qubino.com\/sl\/\",\"name\":\"Luxy Smart Switch\",\"description\":\"Smart switch, 16 million colours surround\",\"potentialAction\":[{\"@type\":\"SearchAction\",\"target\":{\"@type\":\"EntryPoint\",\"urlTemplate\":\"https:\/\/luxy.qubino.com\/sl\/?s={search_term_string}\"},\"query-input\":\"required name=search_term_string\"}],\"inLanguage\":\"sl-SI\"}]}<\/script>\n<!-- \/ Yoast SEO plugin. -->","yoast_head_json":{"title":"Splo\u0161ni pogoji poslovanja - Luxy Smart Switch","robots":{"index":"index","follow":"follow","max-snippet":"max-snippet:-1","max-image-preview":"max-image-preview:large","max-video-preview":"max-video-preview:-1"},"canonical":"https:\/\/luxy.qubino.com\/sl\/pogoji-poslovanja\/","og_locale":"sl_SI","og_type":"article","og_title":"Splo\u0161ni pogoji poslovanja - Luxy Smart Switch","og_description":"S spletno prodajalno Luxy Qubino, upravlja podjetje GOAP Ra\u010dunalni\u0161ki in\u017eeniring in avtomatizacija procesov d.o.o. Nova Gorica, Ulica Klementa Juga 7, 5250 Solkan, mati\u010dna \u0161tevilka: 5414083000, dav\u010dna \u0161tevilka: SI 62582950, v nadaljevanju ponudnik. Splo\u0161ni pogoji poslovanja spletne trgovine so sestavljeni v skladu z Zakonom o varstvu potro\u0161nikov (ZVPot), s priporo\u010dili GZS in mednarodnimi kodeksi za e-poslovanje. [&hellip;]","og_url":"https:\/\/luxy.qubino.com\/sl\/pogoji-poslovanja\/","og_site_name":"Luxy Smart Switch","article_modified_time":"2020-09-02T08:28:19+00:00","twitter_card":"summary_large_image","twitter_misc":{"Est. reading time":"8 minut"},"schema":{"@context":"https:\/\/schema.org","@graph":[{"@type":"WebPage","@id":"https:\/\/luxy.qubino.com\/sl\/pogoji-poslovanja\/","url":"https:\/\/luxy.qubino.com\/sl\/pogoji-poslovanja\/","name":"Splo\u0161ni pogoji poslovanja - Luxy Smart Switch","isPartOf":{"@id":"https:\/\/luxy.qubino.com\/sl\/#website"},"datePublished":"2020-09-01T13:23:35+00:00","dateModified":"2020-09-02T08:28:19+00:00","breadcrumb":{"@id":"https:\/\/luxy.qubino.com\/sl\/pogoji-poslovanja\/#breadcrumb"},"inLanguage":"sl-SI","potentialAction":[{"@type":"ReadAction","target":["https:\/\/luxy.qubino.com\/sl\/pogoji-poslovanja\/"]}]},{"@type":"BreadcrumbList","@id":"https:\/\/luxy.qubino.com\/sl\/pogoji-poslovanja\/#breadcrumb","itemListElement":[{"@type":"ListItem","position":1,"name":"Home","item":"https:\/\/luxy.qubino.com\/sl\/"},{"@type":"ListItem","position":2,"name":"Splo\u0161ni pogoji poslovanja"}]},{"@type":"WebSite","@id":"https:\/\/luxy.qubino.com\/sl\/#website","url":"https:\/\/luxy.qubino.com\/sl\/","name":"Luxy Smart Switch","description":"Smart switch, 16 million colours surround","potentialAction":[{"@type":"SearchAction","target":{"@type":"EntryPoint","urlTemplate":"https:\/\/luxy.qubino.com\/sl\/?s={search_term_string}"},"query-input":"required name=search_term_string"}],"inLanguage":"sl-SI"}]}},"_links":{"self":[{"href":"https:\/\/luxy.qubino.com\/sl\/wp-json\/wp\/v2\/pages\/764"}],"collection":[{"href":"https:\/\/luxy.qubino.com\/sl\/wp-json\/wp\/v2\/pages"}],"about":[{"href":"https:\/\/luxy.qubino.com\/sl\/wp-json\/wp\/v2\/types\/page"}],"author":[{"embeddable":true,"href":"https:\/\/luxy.qubino.com\/sl\/wp-json\/wp\/v2\/users\/1"}],"replies":[{"embeddable":true,"href":"https:\/\/luxy.qubino.com\/sl\/wp-json\/wp\/v2\/comments?post=764"}],"version-history":[{"count":3,"href":"https:\/\/luxy.qubino.com\/sl\/wp-json\/wp\/v2\/pages\/764\/revisions"}],"predecessor-version":[{"id":786,"href":"https:\/\/luxy.qubino.com\/sl\/wp-json\/wp\/v2\/pages\/764\/revisions\/786"}],"wp:attachment":[{"href":"https:\/\/luxy.qubino.com\/sl\/wp-json\/wp\/v2\/media?parent=764"}],"curies":[{"name":"wp","href":"https:\/\/api.w.org\/{rel}","templated":true}]}}